{"id":13,"date":"2026-01-13T12:26:02","date_gmt":"2026-01-13T12:26:02","guid":{"rendered":"https:\/\/edgepulse.digital\/?page_id=13"},"modified":"2026-01-13T19:21:40","modified_gmt":"2026-01-13T19:21:40","slug":"inicio","status":"publish","type":"page","link":"https:\/\/edgepulse.digital\/","title":{"rendered":"Inicio"},"content":{"rendered":"\n<div class=\"wp-block-cover alignfull\" style=\"padding-top:2%;min-height:60rem;aspect-ratio:unset;\"><img loading=\"lazy\" decoding=\"async\" width=\"1024\" height=\"374\" class=\"wp-block-cover__image-background wp-image-23 size-large\" alt=\"\" src=\"https:\/\/edgepulse.digital\/wp-content\/uploads\/2026\/01\/14-1024x374.jpg\" data-object-fit=\"cover\" srcset=\"https:\/\/edgepulse.digital\/wp-content\/uploads\/2026\/01\/14-1024x374.jpg 1024w, https:\/\/edgepulse.digital\/wp-content\/uploads\/2026\/01\/14-300x109.jpg 300w, https:\/\/edgepulse.digital\/wp-content\/uploads\/2026\/01\/14-768x280.jpg 768w, https:\/\/edgepulse.digital\/wp-content\/uploads\/2026\/01\/14-1536x561.jpg 1536w, https:\/\/edgepulse.digital\/wp-content\/uploads\/2026\/01\/14.jpg 1918w\" sizes=\"auto, (max-width: 1024px) 100vw, 1024px\" \/><span aria-hidden=\"true\" class=\"wp-block-cover__background has-background-dim-0 has-background-dim\" style=\"background-color:#374f65\"><\/span><div class=\"wp-block-cover__inner-container has-global-padding is-layout-constrained wp-container-core-cover-is-layout-ee51f2d2 wp-block-cover-is-layout-constrained\">\n<div class=\"wp-block-group alignwide is-vertical is-content-justification-center is-layout-flex wp-container-core-group-is-layout-b6c1f246 wp-block-group-is-layout-flex\" style=\"min-height:35rem\">\n<div class=\"wp-block-group has-global-padding is-layout-constrained wp-container-core-group-is-layout-1c662c3c wp-block-group-is-layout-constrained\">\n<h3 class=\"wp-block-heading has-text-align-center has-text-color has-hedvig-letters-serif-regular-font-family\" style=\"color:#ffffff;margin-bottom:1rem;font-size:clamp(2.156rem, 2.156rem + ((1vw - 0.2rem) * 3.171), 3.9rem);font-style:normal;font-weight:400;line-height:1;text-transform:none\">\u00a1Tu Identidad, Tu Seguridad!<\/h3>\n\n\n\n<p class=\"has-text-align-center has-text-color has-link-color wp-elements-d62793d00a58e8bf97b079e7e0e198b7\" style=\"color:#ffffff;font-size:clamp(0.875rem, 0.875rem + ((1vw - 0.2rem) * 0.591), 1.2rem);\">Confianza en cada clic.<\/p>\n\n\n\n<div class=\"wp-block-group has-global-padding is-content-justification-center is-layout-constrained wp-container-core-group-is-layout-9b3804fc wp-block-group-is-layout-constrained\" style=\"margin-top:30px\">\n<div class=\"wp-block-buttons is-horizontal is-content-justification-right is-layout-flex wp-container-core-buttons-is-layout-e5324bbf wp-block-buttons-is-layout-flex\" style=\"margin-top:0.21rem\">\n<div class=\"wp-block-button has-custom-width wp-block-button__width-100 is-style-fill\"><a class=\"wp-block-button__link has-text-color has-background has-custom-font-size wp-element-button\" href=\"https:\/\/edgepulse.digital\/index.php\/contacto\/\" style=\"border-style:none;border-width:0px;border-radius:2.5rem;color:#242925;background-color:#ffffff;padding-top:1.1rem;padding-right:0.81rem;padding-bottom:1.1rem;padding-left:0.81rem;font-size:clamp(0.875rem, 0.875rem + ((1vw - 0.2rem) * 0.227), 1rem);font-style:normal;font-weight:500;line-height:1;text-transform:capitalize\">\u00a1Comienza Ahora!<\/a><\/div>\n<\/div>\n<\/div>\n<\/div>\n<\/div>\n<\/div><\/div>\n\n\n\n<section class=\"wp-block-group alignfull has-text-color has-background has-global-padding is-layout-constrained wp-container-core-group-is-layout-83ee5e76 wp-block-group-is-layout-constrained\" style=\"color:#212121;background-color:#f5f5f5;margin-top:0rem;padding-right:1rem;padding-left:1rem;font-size:clamp(0.875rem, 0.875rem + ((1vw - 0.2rem) * 0.464), 1.13rem);font-style:normal;font-weight:400;line-height:1.5\">\n<div class=\"wp-block-group has-global-padding is-layout-constrained wp-container-core-group-is-layout-0f2e7412 wp-block-group-is-layout-constrained\" style=\"padding-top:5.01rem;padding-bottom:4.01rem\">\n<div class=\"wp-block-columns is-not-stacked-on-mobile is-layout-flex wp-container-core-columns-is-layout-713970fd wp-block-columns-is-layout-flex\">\n<div class=\"wp-block-column has-global-padding is-layout-constrained wp-container-core-column-is-layout-c6e25a76 wp-block-column-is-layout-constrained\" style=\"border-right-style:none;border-right-width:0px;padding-right:1rem;padding-left:1rem\">\n<h6 class=\"wp-block-heading has-text-align-center has-text-color has-hedvig-letters-serif-regular-font-family\" style=\"color:#242925;margin-bottom:0.51rem;font-size:clamp(1.551rem, 1.551rem + ((1vw - 0.2rem) * 1.907), 2.6rem);line-height:1.3;text-transform:capitalize\">1.<\/h6>\n\n\n\n<p class=\"has-text-align-center has-text-color\" style=\"color:#212121;margin-top:0px;margin-bottom:1.77rem;font-size:clamp(0.875rem, 0.875rem + ((1vw - 0.2rem) * 0.064), 0.91rem);font-style:normal;font-weight:500;line-height:1.5\">Expertos en identidad digital segura y confiable.<\/p>\n<\/div>\n\n\n\n<div class=\"wp-block-column has-global-padding is-layout-constrained wp-container-core-column-is-layout-c6e25a76 wp-block-column-is-layout-constrained\" style=\"border-right-style:none;border-right-width:0px;padding-right:1rem;padding-left:1rem\">\n<h6 class=\"wp-block-heading has-text-align-center has-text-color has-hedvig-letters-serif-regular-font-family\" style=\"color:#242925;margin-bottom:0.51rem;font-size:clamp(1.551rem, 1.551rem + ((1vw - 0.2rem) * 1.907), 2.6rem);line-height:1.3;text-transform:capitalize\">2.<\/h6>\n\n\n\n<p class=\"has-text-align-center has-text-color\" style=\"color:#212121;margin-top:0px;margin-bottom:1.77rem;font-size:clamp(0.875rem, 0.875rem + ((1vw - 0.2rem) * 0.064), 0.91rem);font-style:normal;font-weight:500;line-height:1.5\">Protegemos tus datos con tecnolog\u00eda avanzada.<\/p>\n<\/div>\n\n\n\n<div class=\"wp-block-column has-global-padding is-layout-constrained wp-container-core-column-is-layout-c6e25a76 wp-block-column-is-layout-constrained\" style=\"padding-right:1rem;padding-left:1rem\">\n<h6 class=\"wp-block-heading has-text-align-center has-text-color has-hedvig-letters-serif-regular-font-family\" style=\"color:#242925;margin-bottom:0.51rem;font-size:clamp(1.551rem, 1.551rem + ((1vw - 0.2rem) * 1.907), 2.6rem);line-height:1.3;text-transform:capitalize\">3.<\/h6>\n\n\n\n<p class=\"has-text-align-center has-text-color\" style=\"color:#212121;margin-top:0px;margin-bottom:1.77rem;font-size:clamp(0.875rem, 0.875rem + ((1vw - 0.2rem) * 0.064), 0.91rem);font-style:normal;font-weight:500;line-height:1.5\">Soluciones accesibles para todos, sin complicaciones.<\/p>\n<\/div>\n<\/div>\n<\/div>\n<\/section>\n\n\n\n<div class=\"wp-block-group alignfull has-global-padding is-layout-constrained wp-container-core-group-is-layout-6c6e7e04 wp-block-group-is-layout-constrained\" style=\"margin-top:0;margin-bottom:0;padding-top:5.51rem;padding-right:2rem;padding-bottom:3rem;padding-left:2rem\">\n<div class=\"wp-block-group has-global-padding is-content-justification-left is-layout-constrained wp-container-core-group-is-layout-e6673fbd wp-block-group-is-layout-constrained\" style=\"margin-bottom:20px\">\n<h2 class=\"wp-block-heading has-text-color has-link-color has-hedvig-letters-serif-regular-font-family wp-elements-63bf13abe771f74d6d5c13fb959bdbf2\" style=\"color:#242925;font-size:clamp(1.477rem, 1.477rem + ((1vw - 0.2rem) * 1.769), 2.45rem);\">\u00c1reas de Trabajo<\/h2>\n<\/div>\n\n\n\n<div class=\"wp-block-group alignwide has-global-padding is-layout-constrained wp-block-group-is-layout-constrained\" style=\"margin-top:1.01rem\">\n<div class=\"wp-block-columns alignwide is-layout-flex wp-container-core-columns-is-layout-c8164556 wp-block-columns-is-layout-flex\">\n<div class=\"wp-block-column has-global-padding is-content-justification-center is-layout-constrained wp-container-core-column-is-layout-412b4476 wp-block-column-is-layout-constrained\" style=\"padding-bottom:2rem\">\n<div class=\"wp-block-group alignfull has-global-padding is-layout-constrained wp-container-core-group-is-layout-d47d106a wp-block-group-is-layout-constrained\">\n<figure class=\"wp-block-image aligncenter size-full is-resized has-custom-border\"><img loading=\"lazy\" decoding=\"async\" width=\"600\" height=\"400\" src=\"https:\/\/edgepulse.digital\/wp-content\/uploads\/2026\/01\/57.webp\" alt=\"\" class=\"wp-image-27\" style=\"border-radius:16px;width:400px\" srcset=\"https:\/\/edgepulse.digital\/wp-content\/uploads\/2026\/01\/57.webp 600w, https:\/\/edgepulse.digital\/wp-content\/uploads\/2026\/01\/57-300x200.webp 300w\" sizes=\"auto, (max-width: 600px) 100vw, 600px\" \/><\/figure>\n\n\n\n<h6 class=\"wp-block-heading has-text-align-left has-text-color has-hedvig-letters-serif-regular-font-family\" style=\"color:#242925;font-size:clamp(0.875rem, 0.875rem + ((1vw - 0.2rem) * 0.664), 1.24rem);line-height:1.4;text-decoration:none;text-transform:capitalize\"><a href=\"#\">Identidad Digital Segura<\/a><\/h6>\n<\/div>\n<\/div>\n\n\n\n<div class=\"wp-block-column has-global-padding is-layout-constrained wp-container-core-column-is-layout-a3af4fe5 wp-block-column-is-layout-constrained\" style=\"padding-bottom:2rem\">\n<div class=\"wp-block-group alignfull has-global-padding is-layout-constrained wp-container-core-group-is-layout-d47d106a wp-block-group-is-layout-constrained\">\n<figure class=\"wp-block-image aligncenter size-full is-resized has-custom-border\"><img loading=\"lazy\" decoding=\"async\" width=\"600\" height=\"400\" src=\"https:\/\/edgepulse.digital\/wp-content\/uploads\/2026\/01\/73.webp\" alt=\"\" class=\"wp-image-25\" style=\"border-radius:16px;width:400px\" srcset=\"https:\/\/edgepulse.digital\/wp-content\/uploads\/2026\/01\/73.webp 600w, https:\/\/edgepulse.digital\/wp-content\/uploads\/2026\/01\/73-300x200.webp 300w\" sizes=\"auto, (max-width: 600px) 100vw, 600px\" \/><\/figure>\n\n\n\n<h6 class=\"wp-block-heading has-text-align-left has-text-color has-hedvig-letters-serif-regular-font-family\" style=\"color:#242925;font-size:clamp(0.875rem, 0.875rem + ((1vw - 0.2rem) * 0.664), 1.24rem);line-height:1.4;text-decoration:none;text-transform:capitalize\"><a href=\"#\">Verificaci\u00f3n de Usuarios<\/a><\/h6>\n<\/div>\n<\/div>\n\n\n\n<div class=\"wp-block-column has-global-padding is-content-justification-center is-layout-constrained wp-container-core-column-is-layout-412b4476 wp-block-column-is-layout-constrained\" style=\"padding-bottom:2rem\">\n<div class=\"wp-block-group alignfull has-global-padding is-layout-constrained wp-container-core-group-is-layout-d47d106a wp-block-group-is-layout-constrained\">\n<figure class=\"wp-block-image aligncenter size-full is-resized has-custom-border\"><img loading=\"lazy\" decoding=\"async\" width=\"600\" height=\"400\" src=\"https:\/\/edgepulse.digital\/wp-content\/uploads\/2026\/01\/56.webp\" alt=\"\" class=\"wp-image-26\" style=\"border-radius:16px;width:400px\" srcset=\"https:\/\/edgepulse.digital\/wp-content\/uploads\/2026\/01\/56.webp 600w, https:\/\/edgepulse.digital\/wp-content\/uploads\/2026\/01\/56-300x200.webp 300w\" sizes=\"auto, (max-width: 600px) 100vw, 600px\" \/><\/figure>\n\n\n\n<h6 class=\"wp-block-heading has-text-align-left has-text-color has-hedvig-letters-serif-regular-font-family\" style=\"color:#242925;font-size:clamp(0.875rem, 0.875rem + ((1vw - 0.2rem) * 0.664), 1.24rem);line-height:1.4;text-decoration:none;text-transform:capitalize\"><a href=\"#\">Protecci\u00f3n de Datos<\/a><\/h6>\n<\/div>\n<\/div>\n<\/div>\n<\/div>\n<\/div>\n\n\n\n<div class=\"wp-block-cover alignfull is-light\"><span aria-hidden=\"true\" class=\"wp-block-cover__background has-background-dim-100 has-background-dim\" style=\"background-color:#f3f3f3\"><\/span><div class=\"wp-block-cover__inner-container has-global-padding is-layout-constrained wp-container-core-cover-is-layout-4383d167 wp-block-cover-is-layout-constrained\">\n<div class=\"wp-block-group alignfull has-global-padding is-layout-constrained wp-container-core-group-is-layout-0117c4cf wp-block-group-is-layout-constrained\" style=\"padding-top:80px;padding-bottom:80px\">\n<div class=\"wp-block-columns alignwide is-layout-flex wp-container-core-columns-is-layout-28f84493 wp-block-columns-is-layout-flex\">\n<div class=\"wp-block-column is-layout-flow wp-block-column-is-layout-flow\" style=\"padding-right:10px;padding-left:10px;flex-basis:50%\">\n<div class=\"wp-block-group is-content-justification-center is-nowrap is-layout-flex wp-container-core-group-is-layout-23441af8 wp-block-group-is-layout-flex\">\n<div class=\"wp-block-group has-global-padding is-content-justification-left is-layout-constrained wp-container-core-group-is-layout-664c02a5 wp-block-group-is-layout-constrained\" style=\"padding-bottom:10px\">\n<h2 class=\"wp-block-heading has-text-color has-link-color has-hedvig-letters-serif-regular-font-family wp-elements-909b2e2844afab5a9ea2e1f0ca485b7a\" style=\"color:#242925\">Qui\u00e9nes Somos<\/h2>\n\n\n\n<p>En nuestra empresa, valoramos la confianza y la seguridad. Nos dedicamos a ofrecer soluciones de identidad digital que protegen tus datos y garantizan una experiencia en l\u00ednea segura. Tu bienestar es nuestra prioridad.<\/p>\n\n\n\n<p>Creemos en la transparencia y el acceso para todos. Nuestro compromiso es facilitar el uso de la tecnolog\u00eda, siempre con respeto a tu privacidad. Juntos, construimos un entorno digital m\u00e1s seguro y confiable para cada usuario.<\/p>\n\n\n\n<div class=\"wp-block-buttons is-horizontal is-content-justification-left is-layout-flex wp-container-core-buttons-is-layout-4160120e wp-block-buttons-is-layout-flex\" style=\"margin-top:30px\">\n<div class=\"wp-block-button is-style-outline is-style-outline--1\"><a class=\"wp-block-button__link has-text-color has-border-color has-work-sans-regular-font-family has-custom-font-size wp-element-button\" href=\"https:\/\/edgepulse.digital\/index.php\/contacto\/\" style=\"border-color:#242925;border-style:solid;border-width:1px;border-radius:2.5rem;color:#242925;padding-top:1.1rem;padding-right:40px;padding-bottom:1.1rem;padding-left:40px;font-size:clamp(0.875rem, 0.875rem + ((1vw - 0.2rem) * 0.227), 1rem);font-style:normal;font-weight:700;line-height:1;text-transform:capitalize\">\u00danete a Nosotros!<\/a><\/div>\n<\/div>\n<\/div>\n<\/div>\n<\/div>\n\n\n\n<div class=\"wp-block-column is-layout-flow wp-block-column-is-layout-flow\" style=\"padding-right:10px;padding-left:10px;flex-basis:50%\">\n<figure class=\"wp-block-image aligncenter size-full has-custom-border\"><img loading=\"lazy\" decoding=\"async\" width=\"600\" height=\"400\" src=\"https:\/\/edgepulse.digital\/wp-content\/uploads\/2026\/01\/77.webp\" alt=\"\" class=\"wp-image-28\" style=\"border-radius:16px\" srcset=\"https:\/\/edgepulse.digital\/wp-content\/uploads\/2026\/01\/77.webp 600w, https:\/\/edgepulse.digital\/wp-content\/uploads\/2026\/01\/77-300x200.webp 300w\" sizes=\"auto, (max-width: 600px) 100vw, 600px\" \/><\/figure>\n<\/div>\n<\/div>\n<\/div>\n<\/div><\/div>\n\n\n\n<section class=\"wp-block-group alignfull has-text-color has-global-padding is-layout-constrained wp-container-core-group-is-layout-83ee5e76 wp-block-group-is-layout-constrained\" style=\"color:#212121;margin-top:0rem;padding-right:1rem;padding-left:1rem;font-size:clamp(0.875rem, 0.875rem + ((1vw - 0.2rem) * 0.464), 1.13rem);font-style:normal;font-weight:400;line-height:1.5\">\n<div class=\"wp-block-group has-global-padding is-layout-constrained wp-container-core-group-is-layout-c328c1cf wp-block-group-is-layout-constrained\" style=\"padding-top:5.01rem;padding-bottom:4.01rem\">\n<div class=\"wp-block-columns is-layout-flex wp-container-core-columns-is-layout-713970fd wp-block-columns-is-layout-flex\">\n<div class=\"wp-block-column has-global-padding is-layout-constrained wp-container-core-column-is-layout-9c8f69bf wp-block-column-is-layout-constrained\" style=\"border-right-style:none;border-right-width:0px;padding-right:1rem;padding-left:1rem\">\n<figure class=\"wp-block-image aligncenter size-full\"><img decoding=\"async\" src=\"https:\/\/tyler.com\/wp-content\/uploads\/2024\/03\/Icon.png\" alt=\"\" class=\"wp-image-23157\"\/><\/figure>\n\n\n\n<p class=\"has-text-align-center has-text-color has-hedvig-letters-serif-regular-font-family\" style=\"color:#242925;margin-top:20px;margin-bottom:0.6rem;font-size:clamp(0.875rem, 0.875rem + ((1vw - 0.2rem) * 0.7), 1.26rem);line-height:1.5\">Gracias a su servicio, ahora me siento seguro realizando tr\u00e1mites en l\u00ednea. \u00a1Totalmente recomendable!<\/p>\n\n\n\n<h6 class=\"wp-block-heading has-text-align-center has-text-color has-link-color wp-elements-5d7f47ccfc7e5f58a07f573330f97122\" style=\"color:#959e95;font-size:0.8rem\">Mar\u00eda L\u00f3pez<\/h6>\n<\/div>\n\n\n\n<div class=\"wp-block-column has-global-padding is-layout-constrained wp-container-core-column-is-layout-9c8f69bf wp-block-column-is-layout-constrained\" style=\"border-right-style:none;border-right-width:0px;padding-right:1rem;padding-left:1rem\">\n<figure class=\"wp-block-image aligncenter size-full\"><img decoding=\"async\" src=\"https:\/\/tyler.com\/wp-content\/uploads\/2024\/03\/Icon.png\" alt=\"\" class=\"wp-image-23157\"\/><\/figure>\n\n\n\n<p class=\"has-text-align-center has-text-color has-hedvig-letters-serif-regular-font-family\" style=\"color:#242925;margin-top:20px;margin-bottom:0.6rem;font-size:clamp(0.875rem, 0.875rem + ((1vw - 0.2rem) * 0.7), 1.26rem);line-height:1.5\">La verificaci\u00f3n es r\u00e1pida y sencilla. Su equipo siempre est\u00e1 disponible para ayudar. \u00a1Un cambio total en mi experiencia digital!<\/p>\n\n\n\n<h6 class=\"wp-block-heading has-text-align-center has-text-color has-link-color wp-elements-b9ab4c44420b583c08366021d5b7471f\" style=\"color:#959e95;font-size:0.8rem\">Carlos Mart\u00ednez<\/h6>\n<\/div>\n\n\n\n<div class=\"wp-block-column has-global-padding is-layout-constrained wp-container-core-column-is-layout-9c8f69bf wp-block-column-is-layout-constrained\" style=\"border-right-style:none;border-right-width:0px;padding-right:1rem;padding-left:1rem\">\n<figure class=\"wp-block-image aligncenter size-full\"><img decoding=\"async\" src=\"https:\/\/tyler.com\/wp-content\/uploads\/2024\/03\/Icon.png\" alt=\"\" class=\"wp-image-23157\"\/><\/figure>\n\n\n\n<p class=\"has-text-align-center has-text-color has-hedvig-letters-serif-regular-font-family\" style=\"color:#242925;margin-top:20px;margin-bottom:0.6rem;font-size:clamp(0.875rem, 0.875rem + ((1vw - 0.2rem) * 0.7), 1.26rem);line-height:1.5\">Su atenci\u00f3n al cliente es excepcional. Me siento seguro y respaldado en cada paso del proceso. \u00a1Un gran aliado digital!<\/p>\n\n\n\n<h6 class=\"wp-block-heading has-text-align-center has-text-color has-link-color wp-elements-d08e30497811f435e251a66ffb88fb95\" style=\"color:#959e95;font-size:0.8rem\">Ana Garc\u00eda<\/h6>\n<\/div>\n<\/div>\n<\/div>\n<\/section>\n\n\n\n<div class=\"wp-block-cover alignfull is-light\"><span aria-hidden=\"true\" class=\"wp-block-cover__background has-background-dim-100 has-background-dim\" style=\"background-color:#f3f3f3\"><\/span><div class=\"wp-block-cover__inner-container has-global-padding is-layout-constrained wp-container-core-cover-is-layout-4383d167 wp-block-cover-is-layout-constrained\">\n<div class=\"wp-block-group alignfull has-global-padding is-layout-constrained wp-container-core-group-is-layout-0117c4cf wp-block-group-is-layout-constrained\" style=\"padding-top:80px;padding-bottom:80px\">\n<div class=\"wp-block-columns alignwide is-layout-flex wp-container-core-columns-is-layout-28f84493 wp-block-columns-is-layout-flex\">\n<div class=\"wp-block-column is-layout-flow wp-block-column-is-layout-flow\" style=\"padding-right:10px;padding-left:10px;flex-basis:40%\">\n<figure class=\"wp-block-image aligncenter size-full has-custom-border\"><img loading=\"lazy\" decoding=\"async\" width=\"600\" height=\"400\" src=\"https:\/\/edgepulse.digital\/wp-content\/uploads\/2026\/01\/78.webp\" alt=\"\" class=\"wp-image-29\" style=\"border-radius:16px\" srcset=\"https:\/\/edgepulse.digital\/wp-content\/uploads\/2026\/01\/78.webp 600w, https:\/\/edgepulse.digital\/wp-content\/uploads\/2026\/01\/78-300x200.webp 300w\" sizes=\"auto, (max-width: 600px) 100vw, 600px\" \/><\/figure>\n<\/div>\n\n\n\n<div class=\"wp-block-column is-vertically-aligned-center is-layout-flow wp-block-column-is-layout-flow\" style=\"padding-right:10px;padding-left:10px;flex-basis:60%\">\n<div class=\"wp-block-group is-content-justification-center is-nowrap is-layout-flex wp-container-core-group-is-layout-23441af8 wp-block-group-is-layout-flex\">\n<div class=\"wp-block-group has-global-padding is-content-justification-left is-layout-constrained wp-container-core-group-is-layout-fa1486d9 wp-block-group-is-layout-constrained\" style=\"padding-top:30px;padding-bottom:30px\">\n<h4 class=\"wp-block-heading has-text-color has-link-color wp-elements-279a00b47e620a99d3c25811c3752199\" style=\"color:#242925;font-size:12px;font-style:normal;font-weight:600;text-transform:uppercase\">Seguridad y Confianza.<\/h4>\n\n\n\n<h2 class=\"wp-block-heading has-text-color has-link-color has-hedvig-letters-serif-regular-font-family wp-elements-5a9d280e4634b6f405257a2abec23455\" style=\"color:#242925;font-size:clamp(1.502rem, 1.502rem + ((1vw - 0.2rem) * 1.815), 2.5rem);\">Tu Identidad Protegida.<\/h2>\n\n\n\n<p style=\"margin-top:0px;margin-right:0px;margin-bottom:0px;margin-left:0px;padding-top:20px;padding-right:0px;padding-bottom:0px;padding-left:0px\">Nuestra misi\u00f3n es brindarte una identidad digital segura y confiable. Con un enfoque en la protecci\u00f3n de tus datos, facilitamos tu acceso a servicios en l\u00ednea, garantizando comodidad y confianza en cada interacci\u00f3n.<\/p>\n\n\n\n<div class=\"wp-block-buttons is-horizontal is-content-justification-left is-layout-flex wp-container-core-buttons-is-layout-4160120e wp-block-buttons-is-layout-flex\" style=\"margin-top:30px\">\n<div class=\"wp-block-button is-style-outline is-style-outline--2\"><a class=\"wp-block-button__link has-text-color has-border-color has-work-sans-regular-font-family has-custom-font-size wp-element-button\" href=\"https:\/\/edgepulse.digital\/index.php\/contacto\/\" style=\"border-color:#242925;border-style:solid;border-width:1px;border-radius:2.5rem;color:#242925;padding-top:1.1rem;padding-right:40px;padding-bottom:1.1rem;padding-left:40px;font-size:clamp(0.875rem, 0.875rem + ((1vw - 0.2rem) * 0.227), 1rem);font-style:normal;font-weight:700;line-height:1;text-transform:capitalize\">Descubre tu Seguridad Digital<\/a><\/div>\n<\/div>\n<\/div>\n<\/div>\n<\/div>\n<\/div>\n<\/div>\n<\/div><\/div>\n","protected":false},"excerpt":{"rendered":"<p>1. Expertos en identidad digital segura y confiable. 2. Protegemos tus datos con tecnolog\u00eda avanzada. 3. Soluciones accesibles para todos, sin complicaciones. \u00c1reas de Trabajo Identidad Digital Segura Verificaci\u00f3n de Usuarios Protecci\u00f3n de Datos Gracias a su servicio, ahora me siento seguro realizando tr\u00e1mites en l\u00ednea. \u00a1Totalmente recomendable! Mar\u00eda L\u00f3pez La verificaci\u00f3n es r\u00e1pida y [&hellip;]<\/p>\n","protected":false},"author":1,"featured_media":0,"parent":0,"menu_order":0,"comment_status":"closed","ping_status":"closed","template":"","meta":{"footnotes":""},"class_list":["post-13","page","type-page","status-publish","hentry"],"_links":{"self":[{"href":"https:\/\/edgepulse.digital\/index.php\/wp-json\/wp\/v2\/pages\/13","targetHints":{"allow":["GET"]}}],"collection":[{"href":"https:\/\/edgepulse.digital\/index.php\/wp-json\/wp\/v2\/pages"}],"about":[{"href":"https:\/\/edgepulse.digital\/index.php\/wp-json\/wp\/v2\/types\/page"}],"author":[{"embeddable":true,"href":"https:\/\/edgepulse.digital\/index.php\/wp-json\/wp\/v2\/users\/1"}],"replies":[{"embeddable":true,"href":"https:\/\/edgepulse.digital\/index.php\/wp-json\/wp\/v2\/comments?post=13"}],"version-history":[{"count":3,"href":"https:\/\/edgepulse.digital\/index.php\/wp-json\/wp\/v2\/pages\/13\/revisions"}],"predecessor-version":[{"id":30,"href":"https:\/\/edgepulse.digital\/index.php\/wp-json\/wp\/v2\/pages\/13\/revisions\/30"}],"wp:attachment":[{"href":"https:\/\/edgepulse.digital\/index.php\/wp-json\/wp\/v2\/media?parent=13"}],"curies":[{"name":"wp","href":"https:\/\/api.w.org\/{rel}","templated":true}]}}